{"id":11258,"date":"2025-07-29T09:11:23","date_gmt":"2025-07-29T09:11:23","guid":{"rendered":"https:\/\/lps.whatsappsignals.com\/?page_id=11258"},"modified":"2025-07-29T09:16:55","modified_gmt":"2025-07-29T09:16:55","slug":"thank-you-popup-a","status":"publish","type":"page","link":"https:\/\/lps.whatsappsignals.com\/pt-br\/thank-you-popup-a\/","title":{"rendered":"Thank You-popup-a"},"content":{"rendered":"\t\t<div data-elementor-type=\"wp-page\" data-elementor-id=\"11258\" class=\"elementor elementor-11258\" data-elementor-post-type=\"page\">\n\t\t\t\t\t\t<section class=\"elementor-section elementor-top-section elementor-element elementor-element-62c6e0d elementor-section-height-min-height elementor-section-items-top elementor-section-boxed elementor-section-height-default\" data-id=\"62c6e0d\" data-element_type=\"section\" data-settings=\"{&quot;background_background&quot;:&quot;classic&quot;}\">\n\t\t\t\t\t\t<div class=\"elementor-container elementor-column-gap-default\">\n\t\t\t\t\t<div class=\"elementor-column elementor-col-100 elementor-top-column elementor-element elementor-element-07d754f\" data-id=\"07d754f\" data-element_type=\"column\">\n\t\t\t<div class=\"elementor-widget-wrap elementor-element-populated\">\n\t\t\t\t\t\t<div class=\"elementor-element elementor-element-387c709 elementor-widget elementor-widget-image\" data-id=\"387c709\" data-element_type=\"widget\" data-widget_type=\"image.default\">\n\t\t\t\t<div class=\"elementor-widget-container\">\n\t\t\t\t\t\t\t\t\t\t\t\t\t\t\t<img decoding=\"async\" width=\"202\" height=\"69\" src=\"https:\/\/bcdnlp.whatsappsignals.com\/wp-content\/uploads\/2022\/09\/logo-ar.png\" class=\"attachment-large size-large wp-image-2726\" alt=\"\" \/>\t\t\t\t\t\t\t\t\t\t\t\t\t\t\t<\/div>\n\t\t\t\t<\/div>\n\t\t\t\t<div class=\"elementor-element elementor-element-a75f4f2 elementor-widget__width-initial elementor-widget elementor-widget-heading\" data-id=\"a75f4f2\" data-element_type=\"widget\" data-widget_type=\"heading.default\">\n\t\t\t\t<div class=\"elementor-widget-container\">\n\t\t\t\t\t<h2 class=\"elementor-heading-title elementor-size-default\">Bem-vindo ao WhatsApp Signals!<\/h2>\t\t\t\t<\/div>\n\t\t\t\t<\/div>\n\t\t\t\t<div class=\"elementor-element elementor-element-b634c0a elementor-widget__width-initial elementor-widget elementor-widget-heading\" data-id=\"b634c0a\" data-element_type=\"widget\" data-widget_type=\"heading.default\">\n\t\t\t\t<div class=\"elementor-widget-container\">\n\t\t\t\t\t<h2 class=\"elementor-heading-title elementor-size-default\">Receba recomenda\u00e7\u00f5es de trading diretamente no seu WhatsApp.<\/h2>\t\t\t\t<\/div>\n\t\t\t\t<\/div>\n\t\t\t\t<div class=\"elementor-element elementor-element-a09e0a9 hover-button-w-80 elementor-align-center elementor-hidden-desktop elementor-hidden-tablet elementor-hidden-mobile_extra elementor-hidden-mobile elementor-widget elementor-widget-button\" data-id=\"a09e0a9\" data-element_type=\"widget\" data-widget_type=\"button.default\">\n\t\t\t\t<div class=\"elementor-widget-container\">\n\t\t\t\t\t\t\t\t\t<div class=\"elementor-button-wrapper\">\n\t\t\t\t\t<a class=\"elementor-button elementor-button-link elementor-size-sm\" href=\"https:\/\/api.whatsapp.com\/send\/?phone=447360518105&#038;text=Hello,+I+came+from+WhatsApp+Signals+and+I%27m+interested+in+trading+signals+&#038;appabsent=0\">\n\t\t\t\t\t\t<span class=\"elementor-button-content-wrapper\">\n\t\t\t\t\t\t\t\t\t<span class=\"elementor-button-text\">Obtenha recomenda\u00e7\u00f5es de trading.<\/span>\n\t\t\t\t\t<\/span>\n\t\t\t\t\t<\/a>\n\t\t\t\t<\/div>\n\t\t\t\t\t\t\t\t<\/div>\n\t\t\t\t<\/div>\n\t\t\t\t<div class=\"elementor-element elementor-element-5279630 elementor-widget elementor-widget-image\" data-id=\"5279630\" data-element_type=\"widget\" data-widget_type=\"image.default\">\n\t\t\t\t<div class=\"elementor-widget-container\">\n\t\t\t\t\t\t\t\t\t\t\t\t\t\t\t<img fetchpriority=\"high\" decoding=\"async\" width=\"1552\" height=\"1744\" src=\"https:\/\/bcdnlp.whatsappsignals.com\/wp-content\/uploads\/2022\/09\/Thank-you-phone.png\" class=\"attachment-full size-full wp-image-4590\" alt=\"\" srcset=\"https:\/\/bcdnlp.whatsappsignals.com\/wp-content\/uploads\/2022\/09\/Thank-you-phone.png 1552w, https:\/\/bcdnlp.whatsappsignals.com\/wp-content\/uploads\/2022\/09\/Thank-you-phone-267x300.png 267w, https:\/\/bcdnlp.whatsappsignals.com\/wp-content\/uploads\/2022\/09\/Thank-you-phone-911x1024.png 911w, https:\/\/bcdnlp.whatsappsignals.com\/wp-content\/uploads\/2022\/09\/Thank-you-phone-768x863.png 768w, https:\/\/bcdnlp.whatsappsignals.com\/wp-content\/uploads\/2022\/09\/Thank-you-phone-1367x1536.png 1367w\" sizes=\"(max-width: 1552px) 100vw, 1552px\" \/>\t\t\t\t\t\t\t\t\t\t\t\t\t\t\t<\/div>\n\t\t\t\t<\/div>\n\t\t\t\t\t<\/div>\n\t\t<\/div>\n\t\t\t\t\t<\/div>\n\t\t<\/section>\n\t\t\t\t<section class=\"elementor-section elementor-top-section elementor-element elementor-element-685f6e7 elementor-section-boxed elementor-section-height-default elementor-section-height-default\" data-id=\"685f6e7\" data-element_type=\"section\">\n\t\t\t\t\t\t<div class=\"elementor-container elementor-column-gap-default\">\n\t\t\t\t\t<div class=\"elementor-column elementor-col-100 elementor-top-column elementor-element elementor-element-4269fc1\" data-id=\"4269fc1\" data-element_type=\"column\">\n\t\t\t<div class=\"elementor-widget-wrap elementor-element-populated\">\n\t\t\t\t\t\t<div class=\"elementor-element elementor-element-1c5973a elementor-widget elementor-widget-html\" data-id=\"1c5973a\" data-element_type=\"widget\" data-widget_type=\"html.default\">\n\t\t\t\t<div class=\"elementor-widget-container\">\n\t\t\t\t\t<dialog class=\"popup-container\">\n\n    <div class='popup-header-container'>\n        <img decoding=\"async\" src=\"\/wp-content\/uploads\/2025\/07\/Group-151938.png\" \/>\n        \n        <lottie-player src=\"\/wp-content\/uploads\/2025\/07\/json-arrow.json\" background=\"transparent\" speed=\"1\" style=\"width: 60px; height: 60px;\" loop autoplay class='lottie-popup'><\/lottie-player>\n\n        \n        <img decoding=\"async\" class=\"ws\" src=\"\/wp-content\/uploads\/2025\/07\/Menu_AR-1.png\" \/>\n    <\/div>\n\n    <p class=\"title\">Apresentamos nosso parceiro oficial Axia!<\/p>\n    <p class=\"subtitle\">Em apenas 5 segundos, voc\u00ea ser\u00e1 redirecionado para a plataforma Axia, onde sua verdadeira oportunidade de trading come\u00e7a.<\/p>\n    <p class=\"timer\"><\/p>\n\n    <article class=\"bullets-container\">\n        <div class=\"bullet-card\">\n            <img decoding=\"async\" src=\"\/wp-content\/uploads\/2025\/07\/free-icon-1.png\" class=\"bullet-img\" \/>\n            <p class=\"bullet-text\">Per\u00edodo de teste gratuito<\/p>\n        <\/div>\n\n        <div class=\"bullet-card\">\n            <img decoding=\"async\" src=\"\/wp-content\/uploads\/2025\/07\/gift-icon-1.png\" class=\"bullet-img\" \/>\n            <p class=\"bullet-text\">Conta demo totalmente gratuita<\/p>\n        <\/div>\n\n        <div class=\"bullet-card\">\n            <img decoding=\"async\" src=\"\/wp-content\/uploads\/2025\/07\/percentage-icon-1.png\" class=\"bullet-img\" \/>\n            <p class=\"bullet-text\">50% de b\u00f4nus no seu pr\u00f3ximo dep\u00f3sito<\/p>\n        <\/div>\n    <\/article>\n\n    <p class=\"last-title\">Obrigado por escolher o WhatsApp Signals. \u00c9 hora de elevar suas negocia\u00e7\u00f5es ao n\u00edvel profissional!<\/p>\n<\/dialog>\n\n<script src=\"https:\/\/unpkg.com\/@lottiefiles\/lottie-player@latest\/dist\/lottie-player.js\"><\/script>\n\n<script>\n    const elModal = document.querySelector('.popup-container')\n    setTimeout(() => {\n        countdownTimer()\n        elModal.style.border = 0\n        elModal.style.display = 'flex'\n    }, 1000);\n\n    var time = 3\n    function countdownTimer() {\n        const elTimer = document.querySelector('.timer')\n        elTimer.textContent = time\n        elModal.showModal()\n\n        const intervalId = setInterval(() => {\n            time = time - 1\n            elTimer.textContent = time\n            if (time === 0) {\n                clearInterval(intervalId)\n                elTimer.textContent = 'Carregando...'\n            }\n        }, 1000);\n    }\n<\/script>\t\t\t\t<\/div>\n\t\t\t\t<\/div>\n\t\t\t\t\t<\/div>\n\t\t<\/div>\n\t\t\t\t\t<\/div>\n\t\t<\/section>\n\t\t\t\t<\/div>\n\t\t","protected":false},"excerpt":{"rendered":"<p>Bem-vindo ao WhatsApp Signals! Receba recomenda\u00e7\u00f5es de trading diretamente no seu WhatsApp. Obtenha recomenda\u00e7\u00f5es de trading. Apresentamos nosso parceiro oficial Axia! Em apenas 5 segundos, voc\u00ea ser\u00e1 redirecionado para a plataforma Axia, onde sua verdadeira oportunidade de trading come\u00e7a. Per\u00edodo de teste gratuito Conta demo totalmente gratuita 50% de b\u00f4nus no seu pr\u00f3ximo dep\u00f3sito Obrigado [&hellip;]<\/p>\n","protected":false},"author":1,"featured_media":0,"parent":0,"menu_order":0,"comment_status":"closed","ping_status":"closed","template":"elementor_canvas","meta":{"inline_featured_image":false,"footnotes":""},"class_list":["post-11258","page","type-page","status-publish","hentry"],"acf":[],"yoast_head":"<!-- This site is optimized with the Yoast SEO plugin v26.8 - https:\/\/yoast.com\/product\/yoast-seo-wordpress\/ -->\n<title>Thank You-popup-a - WhatsApp Trading Signals<\/title>\n<meta name=\"robots\" content=\"index, follow, max-snippet:-1, max-image-preview:large, max-video-preview:-1\" \/>\n<link rel=\"canonical\" href=\"https:\/\/lp.whatsappsignals.com\/pt-br\/thank-you-popup-a\/\" \/>\n<meta property=\"og:locale\" content=\"pt_BR\" \/>\n<meta property=\"og:type\" content=\"article\" \/>\n<meta property=\"og:title\" content=\"Thank You-popup-a - WhatsApp Trading Signals\" \/>\n<meta property=\"og:description\" content=\"Bem-vindo ao WhatsApp Signals! Receba recomenda\u00e7\u00f5es de trading diretamente no seu WhatsApp. Obtenha recomenda\u00e7\u00f5es de trading. Apresentamos nosso parceiro oficial Axia! Em apenas 5 segundos, voc\u00ea ser\u00e1 redirecionado para a plataforma Axia, onde sua verdadeira oportunidade de trading come\u00e7a. Per\u00edodo de teste gratuito Conta demo totalmente gratuita 50% de b\u00f4nus no seu pr\u00f3ximo dep\u00f3sito Obrigado [&hellip;]\" \/>\n<meta property=\"og:url\" content=\"https:\/\/lp.whatsappsignals.com\/pt-br\/thank-you-popup-a\/\" \/>\n<meta property=\"og:site_name\" content=\"WhatsApp Trading Signals\" \/>\n<meta property=\"article:modified_time\" content=\"2025-07-29T09:16:55+00:00\" \/>\n<meta property=\"og:image\" content=\"https:\/\/bcdnlp.whatsappsignals.com\/wp-content\/uploads\/2022\/09\/logo-ar.png\" \/>\n<meta name=\"twitter:card\" content=\"summary_large_image\" \/>\n<meta name=\"twitter:label1\" content=\"Est. reading time\" \/>\n\t<meta name=\"twitter:data1\" content=\"2 minutes\" \/>\n<script type=\"application\/ld+json\" class=\"yoast-schema-graph\">{\"@context\":\"https:\/\/schema.org\",\"@graph\":[{\"@type\":\"WebPage\",\"@id\":\"https:\/\/lp.whatsappsignals.com\/pt-br\/thank-you-popup-a\/\",\"url\":\"https:\/\/lp.whatsappsignals.com\/pt-br\/thank-you-popup-a\/\",\"name\":\"Thank You-popup-a - WhatsApp Trading Signals\",\"isPartOf\":{\"@id\":\"https:\/\/lp.whatsappsignals.com\/pt-br\/#website\"},\"primaryImageOfPage\":{\"@id\":\"https:\/\/lp.whatsappsignals.com\/pt-br\/thank-you-popup-a\/#primaryimage\"},\"image\":{\"@id\":\"https:\/\/lp.whatsappsignals.com\/pt-br\/thank-you-popup-a\/#primaryimage\"},\"thumbnailUrl\":\"https:\/\/bcdnlp.whatsappsignals.com\/wp-content\/uploads\/2022\/09\/logo-ar.png\",\"datePublished\":\"2025-07-29T09:11:23+00:00\",\"dateModified\":\"2025-07-29T09:16:55+00:00\",\"breadcrumb\":{\"@id\":\"https:\/\/lp.whatsappsignals.com\/pt-br\/thank-you-popup-a\/#breadcrumb\"},\"inLanguage\":\"pt-BR\",\"potentialAction\":[{\"@type\":\"ReadAction\",\"target\":[\"https:\/\/lp.whatsappsignals.com\/pt-br\/thank-you-popup-a\/\"]}]},{\"@type\":\"ImageObject\",\"inLanguage\":\"pt-BR\",\"@id\":\"https:\/\/lp.whatsappsignals.com\/pt-br\/thank-you-popup-a\/#primaryimage\",\"url\":\"https:\/\/bcdnlp.whatsappsignals.com\/wp-content\/uploads\/2022\/09\/logo-ar.png\",\"contentUrl\":\"https:\/\/bcdnlp.whatsappsignals.com\/wp-content\/uploads\/2022\/09\/logo-ar.png\"},{\"@type\":\"BreadcrumbList\",\"@id\":\"https:\/\/lp.whatsappsignals.com\/pt-br\/thank-you-popup-a\/#breadcrumb\",\"itemListElement\":[{\"@type\":\"ListItem\",\"position\":1,\"name\":\"Home\",\"item\":\"https:\/\/lp.whatsappsignals.com\/pt-br\/\"},{\"@type\":\"ListItem\",\"position\":2,\"name\":\"Thank You-popup-a\"}]},{\"@type\":\"WebSite\",\"@id\":\"https:\/\/lp.whatsappsignals.com\/pt-br\/#website\",\"url\":\"https:\/\/lp.whatsappsignals.com\/pt-br\/\",\"name\":\"WhatsApp Trading Signals\",\"description\":\"\",\"potentialAction\":[{\"@type\":\"SearchAction\",\"target\":{\"@type\":\"EntryPoint\",\"urlTemplate\":\"https:\/\/lp.whatsappsignals.com\/pt-br\/?s={search_term_string}\"},\"query-input\":{\"@type\":\"PropertyValueSpecification\",\"valueRequired\":true,\"valueName\":\"search_term_string\"}}],\"inLanguage\":\"pt-BR\"}]}<\/script>\n<!-- \/ Yoast SEO plugin. -->","yoast_head_json":{"title":"Thank You-popup-a - WhatsApp Trading Signals","robots":{"index":"index","follow":"follow","max-snippet":"max-snippet:-1","max-image-preview":"max-image-preview:large","max-video-preview":"max-video-preview:-1"},"canonical":"https:\/\/lp.whatsappsignals.com\/pt-br\/thank-you-popup-a\/","og_locale":"pt_BR","og_type":"article","og_title":"Thank You-popup-a - WhatsApp Trading Signals","og_description":"Bem-vindo ao WhatsApp Signals! Receba recomenda\u00e7\u00f5es de trading diretamente no seu WhatsApp. Obtenha recomenda\u00e7\u00f5es de trading. Apresentamos nosso parceiro oficial Axia! Em apenas 5 segundos, voc\u00ea ser\u00e1 redirecionado para a plataforma Axia, onde sua verdadeira oportunidade de trading come\u00e7a. Per\u00edodo de teste gratuito Conta demo totalmente gratuita 50% de b\u00f4nus no seu pr\u00f3ximo dep\u00f3sito Obrigado [&hellip;]","og_url":"https:\/\/lp.whatsappsignals.com\/pt-br\/thank-you-popup-a\/","og_site_name":"WhatsApp Trading Signals","article_modified_time":"2025-07-29T09:16:55+00:00","og_image":[{"url":"https:\/\/bcdnlp.whatsappsignals.com\/wp-content\/uploads\/2022\/09\/logo-ar.png","type":"","width":"","height":""}],"twitter_card":"summary_large_image","twitter_misc":{"Est. reading time":"2 minutes"},"schema":{"@context":"https:\/\/schema.org","@graph":[{"@type":"WebPage","@id":"https:\/\/lp.whatsappsignals.com\/pt-br\/thank-you-popup-a\/","url":"https:\/\/lp.whatsappsignals.com\/pt-br\/thank-you-popup-a\/","name":"Thank You-popup-a - WhatsApp Trading Signals","isPartOf":{"@id":"https:\/\/lp.whatsappsignals.com\/pt-br\/#website"},"primaryImageOfPage":{"@id":"https:\/\/lp.whatsappsignals.com\/pt-br\/thank-you-popup-a\/#primaryimage"},"image":{"@id":"https:\/\/lp.whatsappsignals.com\/pt-br\/thank-you-popup-a\/#primaryimage"},"thumbnailUrl":"https:\/\/bcdnlp.whatsappsignals.com\/wp-content\/uploads\/2022\/09\/logo-ar.png","datePublished":"2025-07-29T09:11:23+00:00","dateModified":"2025-07-29T09:16:55+00:00","breadcrumb":{"@id":"https:\/\/lp.whatsappsignals.com\/pt-br\/thank-you-popup-a\/#breadcrumb"},"inLanguage":"pt-BR","potentialAction":[{"@type":"ReadAction","target":["https:\/\/lp.whatsappsignals.com\/pt-br\/thank-you-popup-a\/"]}]},{"@type":"ImageObject","inLanguage":"pt-BR","@id":"https:\/\/lp.whatsappsignals.com\/pt-br\/thank-you-popup-a\/#primaryimage","url":"https:\/\/bcdnlp.whatsappsignals.com\/wp-content\/uploads\/2022\/09\/logo-ar.png","contentUrl":"https:\/\/bcdnlp.whatsappsignals.com\/wp-content\/uploads\/2022\/09\/logo-ar.png"},{"@type":"BreadcrumbList","@id":"https:\/\/lp.whatsappsignals.com\/pt-br\/thank-you-popup-a\/#breadcrumb","itemListElement":[{"@type":"ListItem","position":1,"name":"Home","item":"https:\/\/lp.whatsappsignals.com\/pt-br\/"},{"@type":"ListItem","position":2,"name":"Thank You-popup-a"}]},{"@type":"WebSite","@id":"https:\/\/lp.whatsappsignals.com\/pt-br\/#website","url":"https:\/\/lp.whatsappsignals.com\/pt-br\/","name":"WhatsApp Trading Signals","description":"","potentialAction":[{"@type":"SearchAction","target":{"@type":"EntryPoint","urlTemplate":"https:\/\/lp.whatsappsignals.com\/pt-br\/?s={search_term_string}"},"query-input":{"@type":"PropertyValueSpecification","valueRequired":true,"valueName":"search_term_string"}}],"inLanguage":"pt-BR"}]}},"_links":{"self":[{"href":"https:\/\/lps.whatsappsignals.com\/pt-br\/wp-json\/wp\/v2\/pages\/11258","targetHints":{"allow":["GET"]}}],"collection":[{"href":"https:\/\/lps.whatsappsignals.com\/pt-br\/wp-json\/wp\/v2\/pages"}],"about":[{"href":"https:\/\/lps.whatsappsignals.com\/pt-br\/wp-json\/wp\/v2\/types\/page"}],"author":[{"embeddable":true,"href":"https:\/\/lps.whatsappsignals.com\/pt-br\/wp-json\/wp\/v2\/users\/1"}],"replies":[{"embeddable":true,"href":"https:\/\/lps.whatsappsignals.com\/pt-br\/wp-json\/wp\/v2\/comments?post=11258"}],"version-history":[{"count":0,"href":"https:\/\/lps.whatsappsignals.com\/pt-br\/wp-json\/wp\/v2\/pages\/11258\/revisions"}],"wp:attachment":[{"href":"https:\/\/lps.whatsappsignals.com\/pt-br\/wp-json\/wp\/v2\/media?parent=11258"}],"curies":[{"name":"wp","href":"https:\/\/api.w.org\/{rel}","templated":true}]}}